{"id":36,"date":"2026-03-08T18:03:54","date_gmt":"2026-03-08T18:03:54","guid":{"rendered":"http:\/\/uma-tika.com\/?page_id=36"},"modified":"2026-03-16T23:02:24","modified_gmt":"2026-03-16T23:02:24","slug":"home","status":"publish","type":"page","link":"https:\/\/www.uma-tika.com\/","title":{"rendered":"Home"},"content":{"rendered":"\t\t<div data-elementor-type=\"wp-page\" data-elementor-id=\"36\" class=\"elementor elementor-36\">\n\t\t\t\t<div class=\"elementor-element elementor-element-f3590d4 e-con-full e-flex e-con e-parent\" data-id=\"f3590d4\" data-element_type=\"container\" data-e-type=\"container\">\n\t\t<div class=\"elementor-element elementor-element-87e90ac e-con-full e-flex e-con e-child\" data-id=\"87e90ac\" data-element_type=\"container\" data-e-type=\"container\">\n\t\t\t\t<div class=\"elementor-element elementor-element-e62b962 elementor-widget-mobile__width-initial elementor-widget-tablet__width-initial elementor-widget elementor-widget-image\" data-id=\"e62b962\" data-element_type=\"widget\" data-e-type=\"widget\" data-widget_type=\"image.default\">\n\t\t\t\t\t\t\t\t\t\t\t\t\t\t\t<img fetchpriority=\"high\" decoding=\"async\" width=\"1488\" height=\"2048\" src=\"https:\/\/www.uma-tika.com\/wp-content\/uploads\/2026\/03\/WhatsApp-Image-2026-03-10-at-17.38.06.jpeg\" class=\"attachment-full size-full wp-image-83\" alt=\"\" srcset=\"https:\/\/www.uma-tika.com\/wp-content\/uploads\/2026\/03\/WhatsApp-Image-2026-03-10-at-17.38.06.jpeg 1488w, https:\/\/www.uma-tika.com\/wp-content\/uploads\/2026\/03\/WhatsApp-Image-2026-03-10-at-17.38.06-218x300.jpeg 218w, https:\/\/www.uma-tika.com\/wp-content\/uploads\/2026\/03\/WhatsApp-Image-2026-03-10-at-17.38.06-744x1024.jpeg 744w, https:\/\/www.uma-tika.com\/wp-content\/uploads\/2026\/03\/WhatsApp-Image-2026-03-10-at-17.38.06-768x1057.jpeg 768w, https:\/\/www.uma-tika.com\/wp-content\/uploads\/2026\/03\/WhatsApp-Image-2026-03-10-at-17.38.06-1116x1536.jpeg 1116w\" sizes=\"(max-width: 1488px) 100vw, 1488px\" \/>\t\t\t\t\t\t\t\t\t\t\t\t\t\t\t<\/div>\n\t\t\t\t<div class=\"elementor-element elementor-element-cceaff4 elementor-widget elementor-widget-text-editor\" data-id=\"cceaff4\" data-element_type=\"widget\" data-e-type=\"widget\" data-widget_type=\"text-editor.default\">\n\t\t\t\t\t\t\t\t\t<p>V\u00e9ritables sculptures v\u00e9g\u00e9tales, les Uma Tika, ou \u00abT\u00eates Fleuries\u00bb en quechua, m\u00ealent fibres naturelles, <br \/>plumes et fleurs s\u00e9ch\u00e9es pour cr\u00e9er des compositions organiques \u00e0 la fois contemporaines et sauvages.<\/p>\t\t\t\t\t\t\t\t<\/div>\n\t\t\t\t<\/div>\n\t\t\t\t<\/div>\n\t\t<div class=\"elementor-element elementor-element-c93ac91 e-con-full e-flex e-con e-parent\" data-id=\"c93ac91\" data-element_type=\"container\" data-e-type=\"container\">\n\t\t<div class=\"elementor-element elementor-element-27ff99f e-con-full e-flex e-con e-child\" data-id=\"27ff99f\" data-element_type=\"container\" data-e-type=\"container\">\n\t\t\t\t<div class=\"elementor-element elementor-element-e8a8a94 elementor-widget elementor-widget-text-editor\" data-id=\"e8a8a94\" data-element_type=\"widget\" data-e-type=\"widget\" data-widget_type=\"text-editor.default\">\n\t\t\t\t\t\t\t\t\t<p>J&#8217;ai consacr\u00e9 ma vie professionnelle \u00e0 l\u2019art m\u00eal\u00e9 \u00e0 de nombreux voyages comme source d\u2019inspiration. Aujourd&#8217;hui je compose des sculptures vivantes en assemblant mati\u00e8res et textures que je s\u00e9lectionne et associe minutieusement jusqu\u2019\u00e0 trouver l\u2019\u00e9quilibre qui me touche le plus. Chaque pi\u00e8ce se construit peu \u00e0 peu, comme une fleur qui s&#8217;\u00e9panouit, o\u00f9 les formes dialoguent entre elles et o\u00f9 les couleurs trouvent leur harmonie.<\/p>\t\t\t\t\t\t\t\t<\/div>\n\t\t\t\t<\/div>\n\t\t<div class=\"elementor-element elementor-element-94ffb49 e-con-full e-flex e-con e-child\" data-id=\"94ffb49\" data-element_type=\"container\" data-e-type=\"container\">\n\t\t<div class=\"elementor-element elementor-element-62bedb4 e-con-full e-flex e-con e-child\" data-id=\"62bedb4\" data-element_type=\"container\" data-e-type=\"container\">\n\t\t\t\t<div class=\"elementor-element elementor-element-a1af785 elementor-widget elementor-widget-image\" data-id=\"a1af785\" data-element_type=\"widget\" data-e-type=\"widget\" data-widget_type=\"image.default\">\n\t\t\t\t\t\t\t\t\t\t\t\t\t\t\t<img decoding=\"async\" src=\"https:\/\/www.uma-tika.com\/wp-content\/uploads\/elementor\/thumbs\/3points-rkghm04erznbboovvp0r0ev0mqsore122xs8fq0oco.jpg\" title=\"3points\" alt=\"3points\" loading=\"lazy\" \/>\t\t\t\t\t\t\t\t\t\t\t\t\t\t\t<\/div>\n\t\t\t\t<\/div>\n\t\t\t\t<div class=\"elementor-element elementor-element-126eacb elementor-widget elementor-widget-heading\" data-id=\"126eacb\" data-element_type=\"widget\" data-e-type=\"widget\" data-widget_type=\"heading.default\">\n\t\t\t\t\t<h5 class=\"elementor-heading-title elementor-size-default\">Marion Lafore,\ncr\u00e9atrice<\/h5>\t\t\t\t<\/div>\n\t\t\t\t<div class=\"elementor-element elementor-element-c843dd5 elementor-widget elementor-widget-heading\" data-id=\"c843dd5\" data-element_type=\"widget\" data-e-type=\"widget\" data-widget_type=\"heading.default\">\n\t\t\t\t\t<h5 class=\"elementor-heading-title elementor-size-default\">\"J\u2019aime l\u2019id\u00e9e que chaque pi\u00e8ce soit une invitation \u00e0 l'\u00e9vasion, comme un voyage immobile vers des contr\u00e9es lointaines. \"<\/h5>\t\t\t\t<\/div>\n\t\t\t\t<\/div>\n\t\t<div class=\"elementor-element elementor-element-8e2dd2b e-con-full e-flex e-con e-child\" data-id=\"8e2dd2b\" data-element_type=\"container\" data-e-type=\"container\">\n\t\t\t\t<div class=\"elementor-element elementor-element-107fb2d elementor-widget elementor-widget-text-editor\" data-id=\"107fb2d\" data-element_type=\"widget\" data-e-type=\"widget\" data-widget_type=\"text-editor.default\">\n\t\t\t\t\t\t\t\t\t<p>Mes colonnes naissent souvent de souvenirs de lieux travers\u00e9s, de plantes que j&#8217;ai crois\u00e9es et d\u2019\u00e9motions ressenties au fil de mes voyages. Les Uma Tika incarnent ces fragments de nature et ces impressions glan\u00e9es en chemin.<\/p><p>\u00c0 travers UMA TIKA, je cherche \u00e0 cristalliser le V\u00e9g\u00e9tal dans des pi\u00e8ces uniques et authentiques. Chaque cr\u00e9ation est r\u00e9alis\u00e9e avec passion, dans un geste artisanal attentif, avec le d\u00e9sir de donner une seconde vie aux mati\u00e8res et de proposer une production respectueuse de la plan\u00e8te.<\/p>\t\t\t\t\t\t\t\t<\/div>\n\t\t\t\t<\/div>\n\t\t\t\t<\/div>\n\t\t<div class=\"elementor-element elementor-element-21988a8 e-con-full e-flex e-con e-parent\" data-id=\"21988a8\" data-element_type=\"container\" data-e-type=\"container\">\n\t\t<div class=\"elementor-element elementor-element-bfd1e5c e-con-full e-flex e-con e-child\" data-id=\"bfd1e5c\" data-element_type=\"container\" data-e-type=\"container\">\n\t\t\t\t<div class=\"elementor-element elementor-element-6934e20 elementor-widget elementor-widget-image\" data-id=\"6934e20\" data-element_type=\"widget\" data-e-type=\"widget\" data-widget_type=\"image.default\">\n\t\t\t\t\t\t\t\t\t\t\t\t\t\t\t<img decoding=\"async\" src=\"https:\/\/www.uma-tika.com\/wp-content\/uploads\/elementor\/thumbs\/3points-rkghm04erznbboovvp0r0ev0mqsore122xs8fq0oco.jpg\" title=\"3points\" alt=\"3points\" loading=\"lazy\" \/>\t\t\t\t\t\t\t\t\t\t\t\t\t\t\t<\/div>\n\t\t\t\t<\/div>\n\t\t<div class=\"elementor-element elementor-element-d9f8a5f e-con-full e-flex e-con e-child\" data-id=\"d9f8a5f\" data-element_type=\"container\" data-e-type=\"container\">\n\t\t\t\t<div class=\"elementor-element elementor-element-7920d61 elementor-widget elementor-widget-heading\" data-id=\"7920d61\" data-element_type=\"widget\" data-e-type=\"widget\" data-widget_type=\"heading.default\">\n\t\t\t\t\t<h5 class=\"elementor-heading-title elementor-size-default\">chaque pi\u00e8ce est unique<\/h5>\t\t\t\t<\/div>\n\t\t\t\t<\/div>\n\t\t<div class=\"elementor-element elementor-element-a391144 e-con-full e-flex e-con e-child\" data-id=\"a391144\" data-element_type=\"container\" data-e-type=\"container\">\n\t\t\t\t<div class=\"elementor-element elementor-element-175b97f elementor-widget__width-initial elementor-widget elementor-widget-heading\" data-id=\"175b97f\" data-element_type=\"widget\" data-e-type=\"widget\" data-widget_type=\"heading.default\">\n\t\t\t\t\t<h5 class=\"elementor-heading-title elementor-size-default\">et faite \u00e0 la main<\/h5>\t\t\t\t<\/div>\n\t\t\t\t<\/div>\n\t\t\t\t<\/div>\n\t\t<div class=\"elementor-element elementor-element-3354daf e-con-full e-flex e-con e-parent\" data-id=\"3354daf\" data-element_type=\"container\" data-e-type=\"container\" data-settings=\"{&quot;background_background&quot;:&quot;classic&quot;}\">\n\t\t<div class=\"elementor-element elementor-element-2fe5818 e-con-full elementor-hidden-mobile e-flex e-con e-child\" data-id=\"2fe5818\" data-element_type=\"container\" data-e-type=\"container\">\n\t\t\t\t<\/div>\n\t\t<div class=\"elementor-element elementor-element-7629732 e-con-full e-flex e-con e-child\" data-id=\"7629732\" data-element_type=\"container\" data-e-type=\"container\">\n\t\t\t\t<div class=\"elementor-element elementor-element-fe8a0c3 elementor-widget elementor-widget-heading\" data-id=\"fe8a0c3\" data-element_type=\"widget\" data-e-type=\"widget\" data-widget_type=\"heading.default\">\n\t\t\t\t\t<h5 class=\"elementor-heading-title elementor-size-default\">06 15 51 55 92\n<br>marion.lafore@gmail.com<\/h5>\t\t\t\t<\/div>\n\t\t\t\t<div class=\"elementor-element elementor-element-dd2a5c2 elementor-widget elementor-widget-heading\" data-id=\"dd2a5c2\" data-element_type=\"widget\" data-e-type=\"widget\" data-widget_type=\"heading.default\">\n\t\t\t\t\t<h5 class=\"elementor-heading-title elementor-size-default\">MARION LAFORE\n<br>CIBOURE<\/h5>\t\t\t\t<\/div>\n\t\t\t\t<\/div>\n\t\t\t\t<\/div>\n\t\t\t\t<\/div>\n\t\t","protected":false},"excerpt":{"rendered":"<p>V\u00e9ritables sculptures v\u00e9g\u00e9tales, les Uma Tika, ou \u00abT\u00eates Fleuries\u00bb en quechua, m\u00ealent fibres naturelles, plumes et fleurs s\u00e9ch\u00e9es pour cr\u00e9er des compositions organiques \u00e0 la fois contemporaines et sauvages. J&#8217;ai consacr\u00e9 ma vie professionnelle \u00e0 l\u2019art m\u00eal\u00e9 \u00e0 de nombreux voyages comme source d\u2019inspiration. Aujourd&#8217;hui je compose des sculptures vivantes en assemblant mati\u00e8res et textures [&hellip;]<\/p>\n","protected":false},"author":1,"featured_media":40,"parent":0,"menu_order":0,"comment_status":"closed","ping_status":"closed","template":"elementor_header_footer","meta":{"footnotes":""},"class_list":["post-36","page","type-page","status-publish","has-post-thumbnail","hentry"],"_links":{"self":[{"href":"https:\/\/www.uma-tika.com\/index.php?rest_route=\/wp\/v2\/pages\/36","targetHints":{"allow":["GET"]}}],"collection":[{"href":"https:\/\/www.uma-tika.com\/index.php?rest_route=\/wp\/v2\/pages"}],"about":[{"href":"https:\/\/www.uma-tika.com\/index.php?rest_route=\/wp\/v2\/types\/page"}],"author":[{"embeddable":true,"href":"https:\/\/www.uma-tika.com\/index.php?rest_route=\/wp\/v2\/users\/1"}],"replies":[{"embeddable":true,"href":"https:\/\/www.uma-tika.com\/index.php?rest_route=%2Fwp%2Fv2%2Fcomments&post=36"}],"version-history":[{"count":106,"href":"https:\/\/www.uma-tika.com\/index.php?rest_route=\/wp\/v2\/pages\/36\/revisions"}],"predecessor-version":[{"id":295,"href":"https:\/\/www.uma-tika.com\/index.php?rest_route=\/wp\/v2\/pages\/36\/revisions\/295"}],"wp:featuredmedia":[{"embeddable":true,"href":"https:\/\/www.uma-tika.com\/index.php?rest_route=\/wp\/v2\/media\/40"}],"wp:attachment":[{"href":"https:\/\/www.uma-tika.com\/index.php?rest_route=%2Fwp%2Fv2%2Fmedia&parent=36"}],"curies":[{"name":"wp","href":"https:\/\/api.w.org\/{rel}","templated":true}]}}